{"id":433,"date":"2022-08-05T10:07:27","date_gmt":"2022-08-05T14:07:27","guid":{"rendered":"https:\/\/dev.clubnaval.cl\/menu-dia-del-nino\/"},"modified":"2022-08-05T10:07:27","modified_gmt":"2022-08-05T14:07:27","slug":"menu-dia-del-nino","status":"publish","type":"page","link":"https:\/\/clubnaval.cl\/es\/menu-dia-del-nino\/","title":{"rendered":"Men\u00fa d\u00eda del Ni\u00f1o"},"content":{"rendered":"<p><img fetchpriority=\"high\" decoding=\"async\" class=\" size-full wp-image-432\" src=\"https:\/\/clubnaval.cl\/es\/wp-content\/uploads\/2022\/08\/dia-nino.jpg\" alt=\"dia nino\" width=\"550\" height=\"757\" srcset=\"https:\/\/clubnaval.cl\/wp-content\/uploads\/2022\/08\/dia-nino.jpg 550w, https:\/\/clubnaval.cl\/wp-content\/uploads\/2022\/08\/dia-nino-218x300.jpg 218w\" sizes=\"(max-width: 550px) 100vw, 550px\" \/><\/p>\n","protected":false},"excerpt":{"rendered":"","protected":false},"author":1,"featured_media":432,"parent":0,"menu_order":113,"comment_status":"closed","ping_status":"closed","template":"","meta":{"footnotes":""},"class_list":["post-433","page","type-page","status-publish","has-post-thumbnail","hentry"],"_links":{"self":[{"href":"https:\/\/clubnaval.cl\/es\/wp-json\/wp\/v2\/pages\/433","targetHints":{"allow":["GET"]}}],"collection":[{"href":"https:\/\/clubnaval.cl\/es\/wp-json\/wp\/v2\/pages"}],"about":[{"href":"https:\/\/clubnaval.cl\/es\/wp-json\/wp\/v2\/types\/page"}],"author":[{"embeddable":true,"href":"https:\/\/clubnaval.cl\/es\/wp-json\/wp\/v2\/users\/1"}],"replies":[{"embeddable":true,"href":"https:\/\/clubnaval.cl\/es\/wp-json\/wp\/v2\/comments?post=433"}],"version-history":[{"count":0,"href":"https:\/\/clubnaval.cl\/es\/wp-json\/wp\/v2\/pages\/433\/revisions"}],"wp:featuredmedia":[{"embeddable":true,"href":"https:\/\/clubnaval.cl\/es\/wp-json\/wp\/v2\/media\/432"}],"wp:attachment":[{"href":"https:\/\/clubnaval.cl\/es\/wp-json\/wp\/v2\/media?parent=433"}],"curies":[{"name":"wp","href":"https:\/\/api.w.org\/{rel}","templated":true}]}}