{"id":297,"date":"2021-12-21T13:39:22","date_gmt":"2021-12-21T16:39:22","guid":{"rendered":"https:\/\/dev.clubnaval.cl\/servicio-de-restauracion\/"},"modified":"2021-12-21T13:39:22","modified_gmt":"2021-12-21T16:39:22","slug":"servicio-de-restauracion","status":"publish","type":"page","link":"https:\/\/clubnaval.cl\/es\/servicio-de-restauracion\/","title":{"rendered":"Servicio de Restauraci\u00f3n"},"content":{"rendered":"<p style=\"text-align: center;\">Almuerzos a la carta y men\u00faes diarios de martes a domingo.<\/p>\n<p style=\"text-align: center;\">El horario normal de atenci\u00f3n de comedores es el siguiente:<\/p>\n<p style=\"text-align: center;\">Almuerzo de 12:30 a 15:00 hrs, salvo eventos programados con antelaci\u00f3n.<\/p>\n<p>&nbsp;<\/p>\n<p><img fetchpriority=\"high\" decoding=\"async\" class=\" size-full wp-image-296\" src=\"https:\/\/clubnaval.cl\/es\/wp-content\/uploads\/2021\/12\/SALON_SERRANO.jpg\" alt=\"SALON SERRANO\" width=\"1183\" height=\"783\" style=\"display: block; margin-left: auto; margin-right: auto;\" srcset=\"https:\/\/clubnaval.cl\/wp-content\/uploads\/2021\/12\/SALON_SERRANO.jpg 1183w, https:\/\/clubnaval.cl\/wp-content\/uploads\/2021\/12\/SALON_SERRANO-600x397.jpg 600w, https:\/\/clubnaval.cl\/wp-content\/uploads\/2021\/12\/SALON_SERRANO-300x199.jpg 300w, https:\/\/clubnaval.cl\/wp-content\/uploads\/2021\/12\/SALON_SERRANO-1024x678.jpg 1024w, https:\/\/clubnaval.cl\/wp-content\/uploads\/2021\/12\/SALON_SERRANO-768x508.jpg 768w\" sizes=\"(max-width: 1183px) 100vw, 1183px\" \/><\/p>\n","protected":false},"excerpt":{"rendered":"<p>Almuerzos a la carta y men\u00faes diarios de martes a domingo. El horario normal de atenci\u00f3n de comedores es el siguiente: Almuerzo de 12:30 a 15:00 hrs, salvo eventos programados con antelaci\u00f3n. &nbsp;<\/p>\n","protected":false},"author":1,"featured_media":296,"parent":0,"menu_order":8,"comment_status":"closed","ping_status":"closed","template":"","meta":{"footnotes":""},"class_list":["post-297","page","type-page","status-publish","has-post-thumbnail","hentry"],"_links":{"self":[{"href":"https:\/\/clubnaval.cl\/es\/wp-json\/wp\/v2\/pages\/297","targetHints":{"allow":["GET"]}}],"collection":[{"href":"https:\/\/clubnaval.cl\/es\/wp-json\/wp\/v2\/pages"}],"about":[{"href":"https:\/\/clubnaval.cl\/es\/wp-json\/wp\/v2\/types\/page"}],"author":[{"embeddable":true,"href":"https:\/\/clubnaval.cl\/es\/wp-json\/wp\/v2\/users\/1"}],"replies":[{"embeddable":true,"href":"https:\/\/clubnaval.cl\/es\/wp-json\/wp\/v2\/comments?post=297"}],"version-history":[{"count":0,"href":"https:\/\/clubnaval.cl\/es\/wp-json\/wp\/v2\/pages\/297\/revisions"}],"wp:featuredmedia":[{"embeddable":true,"href":"https:\/\/clubnaval.cl\/es\/wp-json\/wp\/v2\/media\/296"}],"wp:attachment":[{"href":"https:\/\/clubnaval.cl\/es\/wp-json\/wp\/v2\/media?parent=297"}],"curies":[{"name":"wp","href":"https:\/\/api.w.org\/{rel}","templated":true}]}}