{"id":343,"date":"2022-01-04T14:34:22","date_gmt":"2022-01-04T17:34:22","guid":{"rendered":"https:\/\/dev.clubnaval.cl\/bar-el-alessio-2\/"},"modified":"2022-01-04T14:34:22","modified_gmt":"2022-01-04T17:34:22","slug":"bar-el-alessio-2","status":"publish","type":"page","link":"https:\/\/clubnaval.cl\/en\/bar-el-alessio-2\/","title":{"rendered":"Bar El Alessio"},"content":{"rendered":"<table class=\"table\">\n<tbody>\n<tr>\n<td>\n<p><strong>Bar El Alessio<\/strong><\/p>\n<\/td>\n<td>Sigla que indica el car\u00e1cter de este punto de encuentro para avezados navegantes que, al calor de unas copas y de una mejor conversaci\u00f3n, rememoran grandes haza\u00f1as marineras.<br \/>En sus dependencias, se&nbsp; encuentra la C\u00e1mara de Socios \u201dPolicarpo Toro\u201d en honor al distinguido oficial de marina,&nbsp; navegante y gestor de la incorporaci\u00f3n de la Isla de Pascua a la soberan\u00eda de Chile.&nbsp;&nbsp;&nbsp;&nbsp;&nbsp;&nbsp;&nbsp;&nbsp;&nbsp;&nbsp;&nbsp;&nbsp;<\/td>\n<\/tr>\n<tr>\n<td><strong>Type<\/strong><\/td>\n<td>\n<p>Bar.<\/p>\n<\/td>\n<\/tr>\n<tr>\n<td><strong>Maximum capacity<\/strong><\/td>\n<td>\n<p>56 personas.<\/p>\n<\/td>\n<\/tr>\n<tr>\n<td>\n<p><strong>Description<\/strong><\/p>\n<\/td>\n<td>Sus vitrinas, barra y paredes lucen hermosos recuerdos marineros.<br \/>En las dependencias del bar, se encuentra la C\u00e1mara de Socios \u201dPolicarpo Toro\u201d destinada a reuniones de camarader\u00eda m\u00e1s privadas y a la cual solo pueden acceder&nbsp; los socios.<\/td>\n<\/tr>\n<tr>\n<td><strong>Restrictions<\/strong><\/td>\n<td>\n<p>Se permite el acceso con tenida formal e informal.<\/p>\n<\/td>\n<\/tr>\n<tr>\n<td><strong>Location<\/strong><\/td>\n<td>\n<p>Este sal\u00f3n se encuentra ubicado en el 2\u00b0 segundo piso del edificio patrimonial.<\/p>\n<\/td>\n<\/tr>\n<tr>\n<td><strong>Galer\u00eda de Im\u00e1genes<\/strong><\/td>\n<td><a href=\"https:\/\/clubnaval.cl\/es\/wp-content\/uploads\/2022\/01\/01_bar_alessio.jpg\" class=\"jcepopup\" data-mediabox=\"1\"><img decoding=\"async\" class=\"size-full wp-image-337\" src=\"https:\/\/clubnaval.cl\/es\/wp-content\/uploads\/2022\/01\/thumb_01_bar_alessio.jpg\" alt=\"thumb 01 bar alessio\" width=\"150\" height=\"100\" style=\"margin: 5px;\" \/><\/a><a href=\"https:\/\/clubnaval.cl\/es\/wp-content\/uploads\/2022\/01\/02_bar_alessio.jpg\" class=\"jcepopup\" data-mediabox=\"1\"><img decoding=\"async\" class=\"size-full wp-image-340\" src=\"https:\/\/clubnaval.cl\/es\/wp-content\/uploads\/2022\/01\/thumb_02_bar_alessio.jpg\" alt=\"thumb 02 bar alessio\" width=\"150\" height=\"100\" style=\"margin: 5px;\" \/><\/a><a href=\"https:\/\/clubnaval.cl\/es\/wp-content\/uploads\/2022\/01\/03_bar_alessio.jpg\" class=\"jcepopup\" data-mediabox=\"1\"><img decoding=\"async\" class=\"size-full wp-image-342\" src=\"https:\/\/clubnaval.cl\/es\/wp-content\/uploads\/2022\/01\/thumb_03_bar_alessio.jpg\" alt=\"thumb 03 bar alessio\" width=\"150\" height=\"100\" style=\"margin: 5px;\" \/><\/a><\/td>\n<\/tr>\n<\/tbody>\n<\/table>","protected":false},"excerpt":{"rendered":"<p>Bar El Alessio Sigla que indica el car\u00e1cter de este punto de encuentro para avezados navegantes que, al calor de unas copas y de una mejor conversaci\u00f3n, rememoran grandes haza\u00f1as marineras.En sus dependencias, se&nbsp; encuentra la C\u00e1mara de Socios \u201dPolicarpo Toro\u201d en honor al distinguido oficial de marina,&nbsp; navegante y gestor de la incorporaci\u00f3n de [&hellip;]<\/p>\n","protected":false},"author":1,"featured_media":337,"parent":0,"menu_order":2,"comment_status":"closed","ping_status":"closed","template":"","meta":{"footnotes":""},"class_list":["post-343","page","type-page","status-publish","has-post-thumbnail","hentry"],"_links":{"self":[{"href":"https:\/\/clubnaval.cl\/en\/wp-json\/wp\/v2\/pages\/343","targetHints":{"allow":["GET"]}}],"collection":[{"href":"https:\/\/clubnaval.cl\/en\/wp-json\/wp\/v2\/pages"}],"about":[{"href":"https:\/\/clubnaval.cl\/en\/wp-json\/wp\/v2\/types\/page"}],"author":[{"embeddable":true,"href":"https:\/\/clubnaval.cl\/en\/wp-json\/wp\/v2\/users\/1"}],"replies":[{"embeddable":true,"href":"https:\/\/clubnaval.cl\/en\/wp-json\/wp\/v2\/comments?post=343"}],"version-history":[{"count":0,"href":"https:\/\/clubnaval.cl\/en\/wp-json\/wp\/v2\/pages\/343\/revisions"}],"wp:featuredmedia":[{"embeddable":true,"href":"https:\/\/clubnaval.cl\/en\/wp-json\/wp\/v2\/media\/337"}],"wp:attachment":[{"href":"https:\/\/clubnaval.cl\/en\/wp-json\/wp\/v2\/media?parent=343"}],"curies":[{"name":"wp","href":"https:\/\/api.w.org\/{rel}","templated":true}]}}