{"id":310,"date":"2021-12-21T14:30:04","date_gmt":"2021-12-21T17:30:04","guid":{"rendered":"https:\/\/dev.clubnaval.cl\/estacionamiento\/"},"modified":"2021-12-21T14:30:04","modified_gmt":"2021-12-21T17:30:04","slug":"estacionamiento","status":"publish","type":"page","link":"https:\/\/clubnaval.cl\/en\/estacionamiento\/","title":{"rendered":"Parking"},"content":{"rendered":"<p><img fetchpriority=\"high\" decoding=\"async\" class=\"alignleft size-full wp-image-309\" src=\"https:\/\/clubnaval.cl\/es\/wp-content\/uploads\/2021\/12\/estacionamiento.jpg\" alt=\"estacionamiento\" width=\"450\" height=\"300\" style=\"margin-right: 20px; float: left;\" \/>It is located at 548 Molina Street, next to the heritage building and has 5 floors of parking spaces. <br \/>Exclusive service for members, their spouses and widows of members.<\/p>\n<p>Su horario normal de atenci\u00f3n se inicia partir de las 10:30 hrs.y se cierra al t\u00e9rmino de las actividades sociales del club o seg\u00fan la programaci\u00f3n de eventos.<\/p>","protected":false},"excerpt":{"rendered":"<p>Se encuentra ubicado en Calle Molina 548, contiguo al edificio patrimonial y con 5 pisos de estacionamientos. Servicio exclusivo para socios, sus c\u00f3nyuges y viudas de socios. Su horario normal de atenci\u00f3n se inicia partir de las 10:30 hrs.y se cierra al t\u00e9rmino de las actividades sociales del club o seg\u00fan la programaci\u00f3n de eventos.<\/p>","protected":false},"author":1,"featured_media":309,"parent":0,"menu_order":1,"comment_status":"closed","ping_status":"closed","template":"","meta":{"footnotes":""},"class_list":["post-310","page","type-page","status-publish","has-post-thumbnail","hentry"],"_links":{"self":[{"href":"https:\/\/clubnaval.cl\/en\/wp-json\/wp\/v2\/pages\/310","targetHints":{"allow":["GET"]}}],"collection":[{"href":"https:\/\/clubnaval.cl\/en\/wp-json\/wp\/v2\/pages"}],"about":[{"href":"https:\/\/clubnaval.cl\/en\/wp-json\/wp\/v2\/types\/page"}],"author":[{"embeddable":true,"href":"https:\/\/clubnaval.cl\/en\/wp-json\/wp\/v2\/users\/1"}],"replies":[{"embeddable":true,"href":"https:\/\/clubnaval.cl\/en\/wp-json\/wp\/v2\/comments?post=310"}],"version-history":[{"count":0,"href":"https:\/\/clubnaval.cl\/en\/wp-json\/wp\/v2\/pages\/310\/revisions"}],"wp:featuredmedia":[{"embeddable":true,"href":"https:\/\/clubnaval.cl\/en\/wp-json\/wp\/v2\/media\/309"}],"wp:attachment":[{"href":"https:\/\/clubnaval.cl\/en\/wp-json\/wp\/v2\/media?parent=310"}],"curies":[{"name":"wp","href":"https:\/\/api.w.org\/{rel}","templated":true}]}}