{"id":305,"date":"2021-12-21T14:12:26","date_gmt":"2021-12-21T17:12:26","guid":{"rendered":"https:\/\/dev.clubnaval.cl\/servicio-de-te\/"},"modified":"2021-12-21T14:12:26","modified_gmt":"2021-12-21T17:12:26","slug":"servicio-de-te","status":"publish","type":"page","link":"https:\/\/clubnaval.cl\/en\/servicio-de-te\/","title":{"rendered":"Tea Service"},"content":{"rendered":"<p><img fetchpriority=\"high\" decoding=\"async\" class=\"alignleft size-full wp-image-304\" src=\"https:\/\/clubnaval.cl\/es\/wp-content\/uploads\/2021\/12\/JORGE_MONTT_SALON_DE_TE.jpg\" alt=\"JORGE MONTT SALON DE TE\" width=\"450\" height=\"298\" style=\"margin-right: 20px; float: left;\" srcset=\"https:\/\/clubnaval.cl\/wp-content\/uploads\/2021\/12\/JORGE_MONTT_SALON_DE_TE.jpg 1183w, https:\/\/clubnaval.cl\/wp-content\/uploads\/2021\/12\/JORGE_MONTT_SALON_DE_TE-600x397.jpg 600w, https:\/\/clubnaval.cl\/wp-content\/uploads\/2021\/12\/JORGE_MONTT_SALON_DE_TE-300x199.jpg 300w, https:\/\/clubnaval.cl\/wp-content\/uploads\/2021\/12\/JORGE_MONTT_SALON_DE_TE-1024x678.jpg 1024w, https:\/\/clubnaval.cl\/wp-content\/uploads\/2021\/12\/JORGE_MONTT_SALON_DE_TE-768x508.jpg 768w\" sizes=\"(max-width: 450px) 100vw, 450px\" \/>Normally available in our lounges or reserved areas.<br \/>Ofrecemos diversas variedades de servicio las que pueden ser solicitadas de manera presencial al ma\u00eetre de turno o bien en caso de eventos requeridos con reserva de salones al encargado de eventos v\u00eda telef\u00f3nica Fono 32-2212566 o al correo <a href=\"mailto:eventos@clubnaval.cl\">eventos@clubnaval.cl<\/a><\/p>","protected":false},"excerpt":{"rendered":"<p>Disponible normalmente en nuestros salones o reservados.Ofrecemos diversas variedades de servicio las que pueden ser solicitadas de manera presencial al ma\u00eetre de turno o bien en caso de eventos requeridos con reserva de salones al encargado de eventos v\u00eda telef\u00f3nica Fono 32-2212566 o al correo eventos@clubnaval.cl<\/p>","protected":false},"author":1,"featured_media":304,"parent":0,"menu_order":4,"comment_status":"closed","ping_status":"closed","template":"","meta":{"footnotes":""},"class_list":["post-305","page","type-page","status-publish","has-post-thumbnail","hentry"],"_links":{"self":[{"href":"https:\/\/clubnaval.cl\/en\/wp-json\/wp\/v2\/pages\/305","targetHints":{"allow":["GET"]}}],"collection":[{"href":"https:\/\/clubnaval.cl\/en\/wp-json\/wp\/v2\/pages"}],"about":[{"href":"https:\/\/clubnaval.cl\/en\/wp-json\/wp\/v2\/types\/page"}],"author":[{"embeddable":true,"href":"https:\/\/clubnaval.cl\/en\/wp-json\/wp\/v2\/users\/1"}],"replies":[{"embeddable":true,"href":"https:\/\/clubnaval.cl\/en\/wp-json\/wp\/v2\/comments?post=305"}],"version-history":[{"count":0,"href":"https:\/\/clubnaval.cl\/en\/wp-json\/wp\/v2\/pages\/305\/revisions"}],"wp:featuredmedia":[{"embeddable":true,"href":"https:\/\/clubnaval.cl\/en\/wp-json\/wp\/v2\/media\/304"}],"wp:attachment":[{"href":"https:\/\/clubnaval.cl\/en\/wp-json\/wp\/v2\/media?parent=305"}],"curies":[{"name":"wp","href":"https:\/\/api.w.org\/{rel}","templated":true}]}}